{"id":189,"date":"2022-01-30T17:06:21","date_gmt":"2022-01-30T16:06:21","guid":{"rendered":"https:\/\/107it.alwaysdata.net\/docteur-bindelle\/?page_id=189"},"modified":"2024-04-17T11:55:31","modified_gmt":"2024-04-17T09:55:31","slug":"liens-utiles","status":"publish","type":"page","link":"https:\/\/www.docteur-bindelle.be\/index.php\/liens-utiles\/","title":{"rendered":"Liens utiles"},"content":{"rendered":"\n<div class=\"wp-block-columns is-layout-flex wp-container-core-columns-is-layout-9d6595d7 wp-block-columns-is-layout-flex\">\n<div class=\"wp-block-column is-layout-flow wp-block-column-is-layout-flow\">\n<figure class=\"wp-block-image size-full is-resized\"><img loading=\"lazy\" decoding=\"async\" width=\"369\" height=\"369\" src=\"https:\/\/107it.alwaysdata.net\/docteur-bindelle\/wp-content\/uploads\/2022\/01\/Picto-Mececin.gif\" alt=\"\" class=\"wp-image-190\" style=\"width:150px;height:150px\"\/><\/figure>\n<\/div>\n\n\n\n<div class=\"wp-block-column is-layout-flow wp-block-column-is-layout-flow\" style=\"flex-basis:66.66%\">\n<p><strong>M\u00e9decins de garde<\/strong><\/p>\n\n\n\n<p>Si vous ne parvenez pas \u00e0 me joindre par t\u00e9l\u00e9phone en soir\u00e9e, la nuit ou durant les week-ends et&nbsp;jours f\u00e9ri\u00e9s, un m\u00e9decin est disponible pour r\u00e9pondre \u00e0 vos soucis de sant\u00e9 :&nbsp;formez le&nbsp;<strong><span style=\"text-decoration: underline;\">1733<\/span><\/strong><\/p>\n\n\n\n<p><a class=\" link\" title=\"M\u00e9decins de garde\" href=\"http:\/\/www.gefdg.be\/\" target=\"_blank\" rel=\"noopener\">www.gefdg.be<\/a><\/p>\n<\/div>\n<\/div>\n\n\n\n<div class=\"wp-block-columns is-layout-flex wp-container-core-columns-is-layout-9d6595d7 wp-block-columns-is-layout-flex\">\n<div class=\"wp-block-column is-layout-flow wp-block-column-is-layout-flow\" style=\"flex-basis:30%\">\n<figure class=\"wp-block-image size-full is-resized\"><img loading=\"lazy\" decoding=\"async\" width=\"369\" height=\"369\" src=\"https:\/\/107it.alwaysdata.net\/docteur-bindelle\/wp-content\/uploads\/2022\/01\/Picto-Pharmacie.gif\" alt=\"\" class=\"wp-image-191\" style=\"width:150px;height:150px\"\/><\/figure>\n<\/div>\n\n\n\n<div class=\"wp-block-column is-layout-flow wp-block-column-is-layout-flow\" style=\"flex-basis:66.66%\">\n<p><strong>Pharmacies de garde<\/strong><\/p>\n\n\n\n<p><a class=\" link\" title=\"Pharmacies de garde\" href=\"http:\/\/pharmacie.be\/\" target=\"_blank\" rel=\"noopener\">www.pharmacie.be<\/a><\/p>\n\n\n\n<p><a class=\" link\" title=\"Pharmacies de garde\" href=\"http:\/\/www.webgarde.be\/\" target=\"_blank\" rel=\"noopener\">www.webgarde.be<\/a><\/p>\n<\/div>\n<\/div>\n\n\n\n<div class=\"wp-block-columns is-layout-flex wp-container-core-columns-is-layout-9d6595d7 wp-block-columns-is-layout-flex\">\n<div class=\"wp-block-column is-layout-flow wp-block-column-is-layout-flow\" style=\"flex-basis:30%\">\n<figure class=\"wp-block-image size-full is-resized\"><img loading=\"lazy\" decoding=\"async\" width=\"369\" height=\"369\" src=\"https:\/\/107it.alwaysdata.net\/docteur-bindelle\/wp-content\/uploads\/2022\/01\/Logo-SISDEF.gif\" alt=\"\" class=\"wp-image-192\" style=\"width:150px;height:150px\"\/><\/figure>\n<\/div>\n\n\n\n<div class=\"wp-block-column is-layout-flow wp-block-column-is-layout-flow\" style=\"flex-basis:66.66%\">\n<p><strong>R\u00e9pertoire m\u00e9dico\u2010social<\/strong><\/p>\n\n\n\n<p>Vous cherchez les r\u00e9f\u00e9rences des diff\u00e9rents intervenants m\u00e9dicaux et sociaux de notre r\u00e9gion?<\/p>\n\n\n\n<p><a class=\" link\" title=\"R\u00e9pertoire m\u00e9dico-social\" href=\"http:\/\/annuaire-sante-domicile.be\/\" target=\"_blank\" rel=\"noopener\">www.annuaire-sante-domicile.be<\/a><\/p>\n<\/div>\n<\/div>\n\n\n\n<div class=\"wp-block-columns is-layout-flex wp-container-core-columns-is-layout-9d6595d7 wp-block-columns-is-layout-flex\">\n<div class=\"wp-block-column is-layout-flow wp-block-column-is-layout-flow\" style=\"flex-basis:30%\">\n<figure class=\"wp-block-image size-full is-resized\"><img loading=\"lazy\" decoding=\"async\" width=\"369\" height=\"369\" src=\"https:\/\/107it.alwaysdata.net\/docteur-bindelle\/wp-content\/uploads\/2022\/01\/Logo-Mongeneraliste.gif\" alt=\"\" class=\"wp-image-193\" style=\"width:150px;height:150px\"\/><\/figure>\n<\/div>\n\n\n\n<div class=\"wp-block-column is-layout-flow wp-block-column-is-layout-flow\" style=\"flex-basis:66.66%\">\n<p><strong>Information m\u00e9dicale<\/strong><\/p>\n\n\n\n<p>Vous cherchez des informations sur la sant\u00e9, les maladies et leur pr\u00e9vention, valid\u00e9es par des&nbsp;<br>m\u00e9decins g\u00e9n\u00e9ralistes?<\/p>\n\n\n\n<p><a href=\"http:\/\/www.mongeneraliste.be\/\">www.mongeneraliste.be<\/a><\/p>\n<\/div>\n<\/div>\n\n\n\n<div class=\"wp-block-columns is-layout-flex wp-container-core-columns-is-layout-9d6595d7 wp-block-columns-is-layout-flex\">\n<div class=\"wp-block-column is-layout-flow wp-block-column-is-layout-flow\" style=\"flex-basis:30%\">\n<figure class=\"wp-block-image size-full is-resized\"><img loading=\"lazy\" decoding=\"async\" width=\"1000\" height=\"400\" src=\"http:\/\/www.docteur-bindelle.be\/wp-content\/uploads\/2024\/04\/mijngezondheid_logo_fr.png\" alt=\"\" class=\"wp-image-377\" style=\"aspect-ratio:1;width:184px;height:auto\" srcset=\"https:\/\/www.docteur-bindelle.be\/wp-content\/uploads\/2024\/04\/mijngezondheid_logo_fr.png 1000w, https:\/\/www.docteur-bindelle.be\/wp-content\/uploads\/2024\/04\/mijngezondheid_logo_fr-300x120.png 300w, https:\/\/www.docteur-bindelle.be\/wp-content\/uploads\/2024\/04\/mijngezondheid_logo_fr-768x307.png 768w\" sizes=\"auto, (max-width: 1000px) 100vw, 1000px\" \/><\/figure>\n<\/div>\n\n\n\n<div class=\"wp-block-column is-layout-flow wp-block-column-is-layout-flow\" style=\"flex-basis:66.66%\">\n<p><strong>Partager ma sant\u00e9 \u2013 acc\u00e9der aux donn\u00e9es me concernant<\/strong><\/p>\n\n\n\n<p>Vous cherchez des r\u00e9sultats d\u2019analyse , d\u2019examens compl\u00e9mentaires ou rapports vous concernant. <\/p>\n\n\n\n<p>Vous souhaitez&nbsp; avoir&nbsp; votre dossier m\u00e9dical r\u00e9sum\u00e9&nbsp; cr\u00e9\u00e9 par votre m\u00e9decin traitant. <\/p>\n\n\n\n<p>Vous voulez connaitre votre statut vaccinal, les m\u00e9dicaments prescrits qui vous attendent chez le pharmacien.<\/p>\n\n\n\n<p> Vous souhaitez d\u00e9poser vos souhaits&nbsp; pour respecter vos volont\u00e9s de fin de vie , nommer un mandataire, pr\u00e9voir des dons d\u2019organe\u2026<\/p>\n\n\n\n<p>Le site&nbsp; <a href=\"https:\/\/www.masante.belgique.be\/#\/\">https:\/\/www.masante.belgique.be\/<\/a>&nbsp;et le site du r\u00e9seau de sant\u00e9 wallon&nbsp; <a href=\"https:\/\/www.reseausantewallon.be\/\">https:\/\/www.reseausantewallon.be\/<\/a> vous attend.<\/p>\n<\/div>\n<\/div>\n\n\n\n<p><\/p>\n","protected":false},"excerpt":{"rendered":"<p>M\u00e9decins de garde Si vous ne parvenez pas \u00e0 me joindre par t\u00e9l\u00e9phone en soir\u00e9e, la nuit ou durant les week-ends et&nbsp;jours<\/p>\n<p class=\"link-more\"><a class=\"myButt \" href=\"https:\/\/www.docteur-bindelle.be\/index.php\/liens-utiles\/\">Read More<\/a><\/p>\n","protected":false},"author":1,"featured_media":0,"parent":0,"menu_order":5,"comment_status":"closed","ping_status":"open","template":"","meta":{"footnotes":""},"class_list":["post-189","page","type-page","status-publish","hentry"],"_links":{"self":[{"href":"https:\/\/www.docteur-bindelle.be\/index.php\/wp-json\/wp\/v2\/pages\/189","targetHints":{"allow":["GET"]}}],"collection":[{"href":"https:\/\/www.docteur-bindelle.be\/index.php\/wp-json\/wp\/v2\/pages"}],"about":[{"href":"https:\/\/www.docteur-bindelle.be\/index.php\/wp-json\/wp\/v2\/types\/page"}],"author":[{"embeddable":true,"href":"https:\/\/www.docteur-bindelle.be\/index.php\/wp-json\/wp\/v2\/users\/1"}],"replies":[{"embeddable":true,"href":"https:\/\/www.docteur-bindelle.be\/index.php\/wp-json\/wp\/v2\/comments?post=189"}],"version-history":[{"count":7,"href":"https:\/\/www.docteur-bindelle.be\/index.php\/wp-json\/wp\/v2\/pages\/189\/revisions"}],"predecessor-version":[{"id":381,"href":"https:\/\/www.docteur-bindelle.be\/index.php\/wp-json\/wp\/v2\/pages\/189\/revisions\/381"}],"wp:attachment":[{"href":"https:\/\/www.docteur-bindelle.be\/index.php\/wp-json\/wp\/v2\/media?parent=189"}],"curies":[{"name":"wp","href":"https:\/\/api.w.org\/{rel}","templated":true}]}}