{"id":162,"date":"2022-01-30T16:08:27","date_gmt":"2022-01-30T15:08:27","guid":{"rendered":"https:\/\/107it.alwaysdata.net\/docteur-bindelle\/?page_id=162"},"modified":"2022-01-30T16:49:38","modified_gmt":"2022-01-30T15:49:38","slug":"contact","status":"publish","type":"page","link":"https:\/\/www.docteur-bindelle.be\/index.php\/contact\/","title":{"rendered":"Contact"},"content":{"rendered":"\n<div class=\"wp-block-columns is-layout-flex wp-container-core-columns-is-layout-9d6595d7 wp-block-columns-is-layout-flex\">\n<div class=\"wp-block-column widget-contact is-layout-flow wp-block-column-is-layout-flow\" style=\"flex-basis:10%\">\n<figure class=\"wp-block-image size-full is-resized\"><img loading=\"lazy\" decoding=\"async\" src=\"https:\/\/107it.alwaysdata.net\/docteur-bindelle\/wp-content\/uploads\/2022\/01\/Picto-Adresse.gif\" alt=\"\" class=\"wp-image-163\" width=\"75\" height=\"75\"\/><\/figure>\n<\/div>\n\n\n\n<div class=\"wp-block-column is-layout-flow wp-block-column-is-layout-flow\" style=\"flex-basis:66.66%\">\n<h5 class=\"wp-block-heading\" id=\"docteur-philippe-bindelle\">Docteur Philippe Bindelle<\/h5>\n\n\n\n<div class=\"wp-block-group widget-rdv-detail\"><div class=\"wp-block-group__inner-container is-layout-flow wp-block-group-is-layout-flow\">\n<h5 class=\"wp-block-heading\" id=\"hameval-504\"><strong>Hameval 504<\/strong><\/h5>\n\n\n\n<h5 class=\"wp-block-heading\" id=\"4654-charneux\"><strong>4654 Charneux<\/strong><\/h5>\n<\/div><\/div>\n<\/div>\n<\/div>\n\n\n\n<div class=\"wp-block-columns is-layout-flex wp-container-core-columns-is-layout-9d6595d7 wp-block-columns-is-layout-flex\">\n<div class=\"wp-block-column widget-contact is-layout-flow wp-block-column-is-layout-flow\" style=\"flex-basis:10%\">\n<figure class=\"wp-block-image size-full is-resized\"><img loading=\"lazy\" decoding=\"async\" src=\"https:\/\/107it.alwaysdata.net\/docteur-bindelle\/wp-content\/uploads\/2022\/01\/Picto-Telephone.gif\" alt=\"\" class=\"wp-image-164\" width=\"75\" height=\"75\"\/><\/figure>\n<\/div>\n\n\n\n<div class=\"wp-block-column is-layout-flow wp-block-column-is-layout-flow\" style=\"flex-basis:66.66%\">\n<p class=\"widget-contact-txt\">087 66 11 66<\/p>\n\n\n\n<p class=\"widget-contact-txt\">de pr\u00e9f\u00e9rence entre 8 et 9 heures<\/p>\n<\/div>\n<\/div>\n\n\n\n<div class=\"wp-block-columns is-layout-flex wp-container-core-columns-is-layout-9d6595d7 wp-block-columns-is-layout-flex\">\n<div class=\"wp-block-column widget-contact is-layout-flow wp-block-column-is-layout-flow\" style=\"flex-basis:10%\">\n<figure class=\"wp-block-image size-full is-resized\"><img loading=\"lazy\" decoding=\"async\" src=\"https:\/\/107it.alwaysdata.net\/docteur-bindelle\/wp-content\/uploads\/2022\/01\/Picto-Email.gif\" alt=\"\" class=\"wp-image-165\" width=\"75\" height=\"75\"\/><\/figure>\n<\/div>\n\n\n\n<div class=\"wp-block-column is-layout-flow wp-block-column-is-layout-flow\" style=\"flex-basis:66.66%\">\n<span style=\"vertical-align:middle\"><a class=\" link\" href=\"mailto:philippe.bindelle@skynet.be\">philippe.bindelle@skynet.be<\/a><\/span>\n<\/div>\n<\/div>\n\n\n\n<div class=\"wp-block-columns is-layout-flex wp-container-core-columns-is-layout-9d6595d7 wp-block-columns-is-layout-flex\">\n<div class=\"wp-block-column widget-contact is-layout-flow wp-block-column-is-layout-flow\" style=\"flex-basis:10%\">\n<figure class=\"wp-block-image size-full is-resized\"><img loading=\"lazy\" decoding=\"async\" src=\"https:\/\/107it.alwaysdata.net\/docteur-bindelle\/wp-content\/uploads\/2022\/01\/Picto-Banque.gif\" alt=\"\" class=\"wp-image-166\" width=\"75\" height=\"75\"\/><\/figure>\n<\/div>\n\n\n\n<div class=\"wp-block-column widget-contact-txt is-layout-flow wp-block-column-is-layout-flow\" style=\"flex-basis:66.66%\">\n<p class=\"widget-contact-txt\">Num\u00e9ro de compte<\/p>\n\n\n\n<p class=\"widget-contact-txt\">BE29 0630 5019 0764<\/p>\n<\/div>\n<\/div>\n\n\n\n<p><\/p>\n","protected":false},"excerpt":{"rendered":"<p>Docteur Philippe Bindelle Hameval 504 4654 Charneux 087 66 11 66 de pr\u00e9f\u00e9rence entre 8 et 9 heures philippe.bindelle@skynet.be Num\u00e9ro de compte<\/p>\n<p class=\"link-more\"><a class=\"myButt \" href=\"https:\/\/www.docteur-bindelle.be\/index.php\/contact\/\">Read More<\/a><\/p>\n","protected":false},"author":1,"featured_media":0,"parent":0,"menu_order":3,"comment_status":"closed","ping_status":"open","template":"","meta":{"footnotes":""},"class_list":["post-162","page","type-page","status-publish","hentry"],"_links":{"self":[{"href":"https:\/\/www.docteur-bindelle.be\/index.php\/wp-json\/wp\/v2\/pages\/162","targetHints":{"allow":["GET"]}}],"collection":[{"href":"https:\/\/www.docteur-bindelle.be\/index.php\/wp-json\/wp\/v2\/pages"}],"about":[{"href":"https:\/\/www.docteur-bindelle.be\/index.php\/wp-json\/wp\/v2\/types\/page"}],"author":[{"embeddable":true,"href":"https:\/\/www.docteur-bindelle.be\/index.php\/wp-json\/wp\/v2\/users\/1"}],"replies":[{"embeddable":true,"href":"https:\/\/www.docteur-bindelle.be\/index.php\/wp-json\/wp\/v2\/comments?post=162"}],"version-history":[{"count":8,"href":"https:\/\/www.docteur-bindelle.be\/index.php\/wp-json\/wp\/v2\/pages\/162\/revisions"}],"predecessor-version":[{"id":182,"href":"https:\/\/www.docteur-bindelle.be\/index.php\/wp-json\/wp\/v2\/pages\/162\/revisions\/182"}],"wp:attachment":[{"href":"https:\/\/www.docteur-bindelle.be\/index.php\/wp-json\/wp\/v2\/media?parent=162"}],"curies":[{"name":"wp","href":"https:\/\/api.w.org\/{rel}","templated":true}]}}