{"id":140,"date":"2022-01-30T15:44:27","date_gmt":"2022-01-30T14:44:27","guid":{"rendered":"https:\/\/107it.alwaysdata.net\/docteur-bindelle\/?page_id=140"},"modified":"2022-01-30T17:51:14","modified_gmt":"2022-01-30T16:51:14","slug":"rendez-vous","status":"publish","type":"page","link":"https:\/\/www.docteur-bindelle.be\/index.php\/rendez-vous\/","title":{"rendered":"Rendez-vous"},"content":{"rendered":"\n<p style=\"text-align: center;\"><span style=\"font-family: Lobster, cursive; color: #92b93b; font-size: 28px;\">M\u00e9decine g\u00e9n\u00e9rale<\/span><br><span style=\"font-family: Lobster, cursive; color: #92b93b; font-size: 24px;\">Consultations <span style=\"text-decoration: underline;\">uniquement sur rendez-vous<\/span><\/span><\/p>\n\n\n\n<p><span style=\"color: #3e3e3d;\"><\/span><span style=\"font-family: Verdana, sans-serif;\"><span style=\"font-size: 16px; color: #3e3e3d;\">J&rsquo;ai modifi\u00e9 mon organisation professionnelle et j&rsquo;ai d\u00e9cid\u00e9 de poursuivre mes&nbsp;consultations&nbsp;<span style=\"text-decoration: underline;\">uniquement&nbsp;sur rendez-vous<\/span>.&nbsp;<\/span><\/span><span style=\"font-family: Verdana, sans-serif;\"><br><\/span><span style=\"font-family: Verdana, sans-serif; font-size: 14px;\"><br><span style=\"font-weight: bold;\">Vous avez la possibilit\u00e9 de prendre un rendez-vous :&nbsp;<\/span><\/span><br><span style=\"font-family: Verdana, sans-serif; font-size: 14px;\">\u2022&nbsp;en ligne en cliquant&nbsp;<span style=\"font-weight: bold; color: #3e3e3d;\"><a class=\" link\" title=\"Prendre rendez-vous\" href=\"https:\/\/progenda.be\/calendars\/docteur-philippe-bindelle-medecin-generaliste-charneux\/availabilities\" target=\"_blank\" rel=\"noopener\"><span style=\"color: #3e3e3d;\">ici<\/span><\/a><\/span><\/span><br><span style=\"font-family: Verdana, sans-serif; font-size: 14px;\">\u2022 par t\u00e9l\u00e9phone au 087\/66 11 66<\/span><\/p><\/div>\n<\/div>\n\n\n\n<div class=\"wp-block-buttons is-layout-flex wp-block-buttons-is-layout-flex\">\n<div class=\"wp-block-button has-custom-width wp-block-button__width-100 has-custom-font-size bouton-rdv has-large-font-size\"><a class=\"wp-block-button__link has-electric-grass-gradient-background has-background\" href=\"https:\/\/progenda.be\/calendars\/docteur-philippe-bindelle-medecin-generaliste-charneux\/availabilities\" target=\"_blank\" rel=\"noreferrer noopener\">Prendre rendez-vous<\/a><\/div>\n<\/div>\n\n\n\n<p><\/p>\n","protected":false},"excerpt":{"rendered":"<p>M\u00e9decine g\u00e9n\u00e9raleConsultations uniquement sur rendez-vous J&rsquo;ai modifi\u00e9 mon organisation professionnelle et j&rsquo;ai d\u00e9cid\u00e9 de poursuivre mes&nbsp;consultations&nbsp;uniquement&nbsp;sur rendez-vous.&nbsp;Vous avez la possibilit\u00e9 de prendre<\/p>\n<p class=\"link-more\"><a class=\"myButt \" href=\"https:\/\/www.docteur-bindelle.be\/index.php\/rendez-vous\/\">Read More<\/a><\/p>\n","protected":false},"author":1,"featured_media":0,"parent":0,"menu_order":2,"comment_status":"closed","ping_status":"open","template":"","meta":{"footnotes":""},"class_list":["post-140","page","type-page","status-publish","hentry"],"_links":{"self":[{"href":"https:\/\/www.docteur-bindelle.be\/index.php\/wp-json\/wp\/v2\/pages\/140","targetHints":{"allow":["GET"]}}],"collection":[{"href":"https:\/\/www.docteur-bindelle.be\/index.php\/wp-json\/wp\/v2\/pages"}],"about":[{"href":"https:\/\/www.docteur-bindelle.be\/index.php\/wp-json\/wp\/v2\/types\/page"}],"author":[{"embeddable":true,"href":"https:\/\/www.docteur-bindelle.be\/index.php\/wp-json\/wp\/v2\/users\/1"}],"replies":[{"embeddable":true,"href":"https:\/\/www.docteur-bindelle.be\/index.php\/wp-json\/wp\/v2\/comments?post=140"}],"version-history":[{"count":10,"href":"https:\/\/www.docteur-bindelle.be\/index.php\/wp-json\/wp\/v2\/pages\/140\/revisions"}],"predecessor-version":[{"id":218,"href":"https:\/\/www.docteur-bindelle.be\/index.php\/wp-json\/wp\/v2\/pages\/140\/revisions\/218"}],"wp:attachment":[{"href":"https:\/\/www.docteur-bindelle.be\/index.php\/wp-json\/wp\/v2\/media?parent=140"}],"curies":[{"name":"wp","href":"https:\/\/api.w.org\/{rel}","templated":true}]}}